{"id":630,"date":"2025-02-24T16:30:13","date_gmt":"2025-02-24T15:30:13","guid":{"rendered":"https:\/\/fredt.eu\/notes\/?page_id=630"},"modified":"2025-03-02T18:17:11","modified_gmt":"2025-03-02T17:17:11","slug":"%f0%9f%90%9fpeche","status":"publish","type":"page","link":"https:\/\/fredt.eu\/notes\/%f0%9f%90%9fpeche\/","title":{"rendered":"\ud83d\udc1f P\u00eache"},"content":{"rendered":"\n<p>annuaire de la p\u00eache pour les nuls, outil pr\u00e9cieux pour tout p\u00eacheur, d\u00e9butant ou confirm\u00e9. permet de trouver rapidement des informations sur :<\/p>\n\n\n\n<p><a href=\"https:\/\/fredt.eu\/notes\/category\/peche\/\">https:\/\/fredt.eu\/notes\/category\/peche\/<\/a><\/p>\n\n\n\n<h2 class=\"wp-block-heading\">\ud83c\udf9e\ufe0f <a href=\"https:\/\/fredt.eu\/notes\/category\/peche\/recit\/\">Souvenir et recits<\/a><\/h2>\n\n\n\n<p>en famille, solo, en exploration sur terrain inconnu<\/p>\n\n\n\n<h2 class=\"wp-block-heading\">\ud83d\uded2 <a href=\"https:\/\/fredt.eu\/notes\/category\/peche\/materiel\/\">Achats et magasins , mat\u00e9riel<\/a><\/h2>\n\n\n\n<p>eBay <\/p>\n\n\n\n<p>Vidrax<\/p>\n\n\n\n<p>Orion<\/p>\n\n\n\n<p>Quel type de canne, de moulinet ou de leurre choisir en fonction de l&rsquo;esp\u00e8ce que vous visez ? Les meilleurs \u00e9quipements. <\/p>\n\n\n\n<p><a href=\"https:\/\/fredt.eu\/notes\/category\/peche\/bricolage-peche\/\">https:\/\/fredt.eu\/notes\/category\/peche\/bricolage-peche\/<\/a><\/p>\n\n\n\n<h2 class=\"wp-block-heading\">\ud83d\udee0\ufe0f <a href=\"https:\/\/fredt.eu\/notes\/category\/peche\/montages\/\">Techniques de p\u00eache<\/a><\/h2>\n\n\n\n<p>Grande canne, feeder, carpes<\/p>\n\n\n\n<p>Vous souhaitez ma\u00eetriser la p\u00eache \u00e0 la mouche, au coup ou au lancer ?&nbsp; conseils et de tutoriels pour vous aider \u00e0 progresser. <\/p>\n\n\n\n<h2 class=\"wp-block-heading\">\ud83d\udccdSpots,<\/h2>\n\n\n\n<p>Absolu p\u00eache<\/p>\n\n\n\n<p>Vous recherchez un nouveau lac, une rivi\u00e8re ou un spot en mer ? Les annuaires recensent les meilleurs endroits pour pratiquer votre passion.<\/p>\n\n\n\n<p>Chemin de halage, voies vertes, piscine \u00e0 hurrongue&#8230;<\/p>\n\n\n\n<p><a href=\"https:\/\/fredt.eu\/notes\/category\/idees-de-sortie\/\">https:\/\/fredt.eu\/notes\/category\/idees-de-sortie\/<\/a><\/p>\n\n\n\n<h2 class=\"wp-block-heading\">\ud83d\udcf0 <a href=\"https:\/\/fredt.eu\/notes\/category\/peche\/aappma-ste-foy\/\">Actualit\u00e9s<\/a><\/h2>\n\n\n\n<p>La page de votre f\u00e9d\u00e9, de votre AAPPMA, des aappma de vos spots favoris&#8230;<\/p>\n\n\n\n<h2 class=\"wp-block-heading\">\ud83d\udcac Forums:<\/h2>\n\n\n\n<p>p\u00eache maniac, les amis, par <strong>kpo<\/strong>, fishing urban klubb, fish team 69, &#8230; Remplac\u00e9 par Facebook et cie&#8230; C&rsquo;\u00e9tait mieux avant&#8230;on rigolait, on partageait, on apprenait, on demandait un avis&#8230; \u00c9changez avec d&rsquo;autres passionn\u00e9s, posez vos questions, demander des avis et partagez vos exp\u00e9riences.<\/p>\n\n\n\n<p>alors n&rsquo;h\u00e9sitez pas \u00e0 poster des commentaires ici&#8230;<\/p>\n\n\n<ul class=\"wp-block-categories-list wp-block-categories\">\t<li class=\"cat-item cat-item-129\"><a href=\"https:\/\/fredt.eu\/notes\/category\/conception\/\">Conception<\/a> (9)\n<ul class='children'>\n\t<li class=\"cat-item cat-item-8\"><a href=\"https:\/\/fredt.eu\/notes\/category\/conception\/creation\/\">Cr\u00e9ation<\/a> (6)\n<\/li>\n\t<li class=\"cat-item cat-item-141\"><a href=\"https:\/\/fredt.eu\/notes\/category\/conception\/renovation\/\">R\u00e9novation<\/a> (3)\n<\/li>\n<\/ul>\n<\/li>\n\t<li class=\"cat-item cat-item-7\"><a href=\"https:\/\/fredt.eu\/notes\/category\/idees-de-sortie\/\">Id\u00e9es de sortie<\/a> (6)\n<\/li>\n\t<li class=\"cat-item cat-item-4\"><a href=\"https:\/\/fredt.eu\/notes\/category\/peche\/\">P\u00eache<\/a> (48)\n<ul class='children'>\n\t<li class=\"cat-item cat-item-84\"><a href=\"https:\/\/fredt.eu\/notes\/category\/peche\/aappma-ste-foy\/\">AAPPMA Ste Foy<\/a> (16)\n<\/li>\n\t<li class=\"cat-item cat-item-42\"><a href=\"https:\/\/fredt.eu\/notes\/category\/peche\/bricolage-peche\/\">Bricolage p\u00eache<\/a> (6)\n<\/li>\n\t<li class=\"cat-item cat-item-79\"><a href=\"https:\/\/fredt.eu\/notes\/category\/peche\/materiel\/\">Mat\u00e9riel<\/a> (5)\n<\/li>\n\t<li class=\"cat-item cat-item-30\"><a href=\"https:\/\/fredt.eu\/notes\/category\/peche\/montages\/\">Montages<\/a> (3)\n<\/li>\n\t<li class=\"cat-item cat-item-69\"><a href=\"https:\/\/fredt.eu\/notes\/category\/peche\/recit\/\">R\u00e9cit<\/a> (21)\n<\/li>\n\t<li class=\"cat-item cat-item-118\"><a href=\"https:\/\/fredt.eu\/notes\/category\/peche\/techniques\/\">Techniques<\/a> (2)\n<\/li>\n<\/ul>\n<\/li>\n<\/ul>","protected":false},"excerpt":{"rendered":"<p>annuaire de la p\u00eache pour les nuls, outil pr\u00e9cieux pour tout p\u00eacheur, d\u00e9butant ou confirm\u00e9. permet de trouver rapidement des informations sur : https:\/\/fredt.eu\/notes\/category\/peche\/ \ud83c\udf9e\ufe0f Souvenir et recits en famille, solo, en exploration sur terrain inconnu \ud83d\uded2 Achats et magasins , mat\u00e9riel eBay Vidrax Orion Quel type de canne, de moulinet ou de leurre choisir [&hellip;]<\/p>\n","protected":false},"author":1,"featured_media":0,"parent":0,"menu_order":0,"comment_status":"open","ping_status":"closed","template":"","meta":{"slim_seo":{"title":"\ud83d\udc1f P\u00eache - FredT Notes","description":"annuaire de la p\u00eache pour les nuls, outil pr\u00e9cieux pour tout p\u00eacheur, d\u00e9butant ou confirm\u00e9. permet de trouver rapidement des informations sur : https:\/\/fredt.eu"},"footnotes":""},"class_list":["post-630","page","type-page","status-publish","hentry"],"_links":{"self":[{"href":"https:\/\/fredt.eu\/notes\/wp-json\/wp\/v2\/pages\/630","targetHints":{"allow":["GET"]}}],"collection":[{"href":"https:\/\/fredt.eu\/notes\/wp-json\/wp\/v2\/pages"}],"about":[{"href":"https:\/\/fredt.eu\/notes\/wp-json\/wp\/v2\/types\/page"}],"author":[{"embeddable":true,"href":"https:\/\/fredt.eu\/notes\/wp-json\/wp\/v2\/users\/1"}],"replies":[{"embeddable":true,"href":"https:\/\/fredt.eu\/notes\/wp-json\/wp\/v2\/comments?post=630"}],"version-history":[{"count":16,"href":"https:\/\/fredt.eu\/notes\/wp-json\/wp\/v2\/pages\/630\/revisions"}],"predecessor-version":[{"id":1009,"href":"https:\/\/fredt.eu\/notes\/wp-json\/wp\/v2\/pages\/630\/revisions\/1009"}],"wp:attachment":[{"href":"https:\/\/fredt.eu\/notes\/wp-json\/wp\/v2\/media?parent=630"}],"curies":[{"name":"wp","href":"https:\/\/api.w.org\/{rel}","templated":true}]}}