{"id":625,"date":"2025-02-24T14:28:18","date_gmt":"2025-02-24T13:28:18","guid":{"rendered":"https:\/\/fredt.eu\/notes\/?page_id=625"},"modified":"2025-03-04T17:11:47","modified_gmt":"2025-03-04T16:11:47","slug":"plan-du-site","status":"publish","type":"page","link":"https:\/\/fredt.eu\/notes\/plan-du-site\/","title":{"rendered":"Plan du site"},"content":{"rendered":"\n<p><\/p>\n\n\n\n<h2 class=\"wp-block-heading\">Sitemap WordPress&#8230;<\/h2>\n\n\n\n<p><a href=\"https:\/\/fredt.eu\/notes\/wp-sitemap.xml\">https:\/\/fredt.eu\/notes\/wp-sitemap.xml<\/a><\/p>\n\n\n\n<h2 class=\"wp-block-heading\">Rubriques<\/h2>\n\n\n<ul class=\"wp-block-categories-list wp-block-categories\">\t<li class=\"cat-item cat-item-129\"><a href=\"https:\/\/fredt.eu\/notes\/category\/conception\/\">Conception<\/a> (9)\n<ul class='children'>\n\t<li class=\"cat-item cat-item-8\"><a href=\"https:\/\/fredt.eu\/notes\/category\/conception\/creation\/\">Cr\u00e9ation<\/a> (6)\n<\/li>\n\t<li class=\"cat-item cat-item-141\"><a href=\"https:\/\/fredt.eu\/notes\/category\/conception\/renovation\/\">R\u00e9novation<\/a> (3)\n<\/li>\n<\/ul>\n<\/li>\n\t<li class=\"cat-item cat-item-7\"><a href=\"https:\/\/fredt.eu\/notes\/category\/idees-de-sortie\/\">Id\u00e9es de sortie<\/a> (6)\n<\/li>\n\t<li class=\"cat-item cat-item-4\"><a href=\"https:\/\/fredt.eu\/notes\/category\/peche\/\">P\u00eache<\/a> (48)\n<ul class='children'>\n\t<li class=\"cat-item cat-item-84\"><a href=\"https:\/\/fredt.eu\/notes\/category\/peche\/aappma-ste-foy\/\">AAPPMA Ste Foy<\/a> (16)\n<\/li>\n\t<li class=\"cat-item cat-item-42\"><a href=\"https:\/\/fredt.eu\/notes\/category\/peche\/bricolage-peche\/\">Bricolage p\u00eache<\/a> (6)\n<\/li>\n\t<li class=\"cat-item cat-item-79\"><a href=\"https:\/\/fredt.eu\/notes\/category\/peche\/materiel\/\">Mat\u00e9riel<\/a> (5)\n<\/li>\n\t<li class=\"cat-item cat-item-30\"><a href=\"https:\/\/fredt.eu\/notes\/category\/peche\/montages\/\">Montages<\/a> (3)\n<\/li>\n\t<li class=\"cat-item cat-item-69\"><a href=\"https:\/\/fredt.eu\/notes\/category\/peche\/recit\/\">R\u00e9cit<\/a> (21)\n<\/li>\n\t<li class=\"cat-item cat-item-118\"><a href=\"https:\/\/fredt.eu\/notes\/category\/peche\/techniques\/\">Techniques<\/a> (2)\n<\/li>\n<\/ul>\n<\/li>\n<\/ul>\n\n\n<h2 class=\"wp-block-heading\">Derniers articles :<\/h2>\n\n\n<ul class=\"wp-block-latest-posts__list wp-block-latest-posts\"><li><a class=\"wp-block-latest-posts__post-title\" href=\"https:\/\/fredt.eu\/notes\/peche\/des-vers-toute-lannee\/\">Des vers toute l&rsquo;ann\u00e9e<\/a><\/li>\n<li><a class=\"wp-block-latest-posts__post-title\" href=\"https:\/\/fredt.eu\/notes\/peche\/travaux-etang-de-peche-le-noyer-a-haute-rivoire\/\">Travaux \u00e9tang de p\u00eache le noyer \u00e0 Haute-Rivoire<\/a><\/li>\n<li><a class=\"wp-block-latest-posts__post-title\" href=\"https:\/\/fredt.eu\/notes\/peche\/fabrication-de-bouillettes\/\">Fabrication de bouillettes<\/a><\/li>\n<li><a class=\"wp-block-latest-posts__post-title\" href=\"https:\/\/fredt.eu\/notes\/idees-de-sortie\/projet-vacances-toscane\/\">Projet Vacances Toscane<\/a><\/li>\n<li><a class=\"wp-block-latest-posts__post-title\" href=\"https:\/\/fredt.eu\/notes\/peche\/initier-les-enfants\/\">Initier les enfants, 50 gardons en une heure par p\u00eacheur<\/a><\/li>\n<\/ul>","protected":false},"excerpt":{"rendered":"<p>Sitemap WordPress&#8230; https:\/\/fredt.eu\/notes\/wp-sitemap.xml Rubriques Derniers articles :<\/p>\n","protected":false},"author":1,"featured_media":0,"parent":0,"menu_order":0,"comment_status":"open","ping_status":"closed","template":"","meta":{"slim_seo":{"title":"Plan du site - FredT Notes","description":"Sitemap WordPress... https:\/\/fredt.eu\/notes\/wp-sitemap.xml Rubriques Derniers articles :"},"footnotes":""},"class_list":["post-625","page","type-page","status-publish","hentry"],"_links":{"self":[{"href":"https:\/\/fredt.eu\/notes\/wp-json\/wp\/v2\/pages\/625","targetHints":{"allow":["GET"]}}],"collection":[{"href":"https:\/\/fredt.eu\/notes\/wp-json\/wp\/v2\/pages"}],"about":[{"href":"https:\/\/fredt.eu\/notes\/wp-json\/wp\/v2\/types\/page"}],"author":[{"embeddable":true,"href":"https:\/\/fredt.eu\/notes\/wp-json\/wp\/v2\/users\/1"}],"replies":[{"embeddable":true,"href":"https:\/\/fredt.eu\/notes\/wp-json\/wp\/v2\/comments?post=625"}],"version-history":[{"count":6,"href":"https:\/\/fredt.eu\/notes\/wp-json\/wp\/v2\/pages\/625\/revisions"}],"predecessor-version":[{"id":1033,"href":"https:\/\/fredt.eu\/notes\/wp-json\/wp\/v2\/pages\/625\/revisions\/1033"}],"wp:attachment":[{"href":"https:\/\/fredt.eu\/notes\/wp-json\/wp\/v2\/media?parent=625"}],"curies":[{"name":"wp","href":"https:\/\/api.w.org\/{rel}","templated":true}]}}