{"id":622,"date":"2025-02-24T14:26:30","date_gmt":"2025-02-24T13:26:30","guid":{"rendered":"https:\/\/fredt.eu\/notes\/?page_id=622"},"modified":"2025-04-05T06:08:00","modified_gmt":"2025-04-05T04:08:00","slug":"cv","status":"publish","type":"page","link":"https:\/\/fredt.eu\/notes\/cv\/","title":{"rendered":"Informatique"},"content":{"rendered":"\n<div class=\"wp-block-group has-global-padding is-layout-constrained wp-block-group-is-layout-constrained\">\n<h3 class=\"wp-block-heading\"><a href=\"#IA\">Dingue, ce que l&rsquo;IA est capable de faire!<\/a><\/h3>\n\n\n\n<p>Mon chef a des notes manuscrites illisibles. Il aimerais consulter ChatGPT au sujet de sa r\u00e9union. Il est ind\u00e9cis sur les d\u00e9cisions \u00e0 prendre&#8230;<\/p>\n<\/div>\n\n\n\n<div class=\"wp-block-group has-global-padding is-layout-constrained wp-block-group-is-layout-constrained\">\n<h3 class=\"wp-block-heading\"><a href=\"#\">Meta AI est arriv\u00e9 dans WhatsApp<\/a> <\/h3>\n\n\n\n<p><\/p>\n\n\n\n<figure class=\"wp-block-gallery has-nested-images columns-default is-cropped wp-block-gallery-1 is-layout-flex wp-block-gallery-is-layout-flex\"><\/figure>\n<\/div>\n\n\n\n<div class=\"wp-block-group is-nowrap is-layout-flex wp-container-core-group-is-layout-6c531013 wp-block-group-is-layout-flex\">\n<div class=\"wp-block-group has-global-padding is-layout-constrained wp-block-group-is-layout-constrained\">\n<ul class=\"wp-block-list\">\n<li>Linux<\/li>\n\n\n\n<li>Android<\/li>\n\n\n\n<li>Synchronisation <\/li>\n\n\n\n<li>WordPress <\/li>\n\n\n\n<li>Ms Office, Word, Access, Excel <\/li>\n\n\n\n<li>Windows<\/li>\n\n\n\n<li>IA<\/li>\n\n\n\n<li>Mat\u00e9riel PC<\/li>\n<\/ul>\n\n\n\n<p><\/p>\n<\/div>\n\n\n\n<div class=\"wp-block-group has-global-padding is-layout-constrained wp-block-group-is-layout-constrained\">\n<h2 class=\"wp-block-heading\"><a href=\"https:\/\/fredt.eu\/notes\/tag\/animation\/\">Animation p\u00eache<\/a>  <\/h2>\n\n\n\n<ul class=\"wp-block-list\">\n<li>Journ\u00e9e jeunes AAPPMA ste foy 2012-2016<\/li>\n\n\n\n<li>Animateur m\u00e9diath\u00e8que, Ville de Tarare 2003<\/li>\n<\/ul>\n<\/div>\n<\/div>\n\n\n\n<h2 class=\"wp-block-heading\">CV<\/h2>\n\n\n\n<p>&#8230;<\/p>\n\n\n\n<p><\/p>\n","protected":false},"excerpt":{"rendered":"<p>Dingue, ce que l&rsquo;IA est capable de faire! Mon chef a des notes manuscrites illisibles. Il aimerais consulter ChatGPT au sujet de sa r\u00e9union. Il est ind\u00e9cis sur les d\u00e9cisions \u00e0 prendre&#8230; Meta AI est arriv\u00e9 dans WhatsApp Animation p\u00eache CV &#8230;<\/p>\n","protected":false},"author":1,"featured_media":0,"parent":0,"menu_order":0,"comment_status":"open","ping_status":"closed","template":"","meta":{"slim_seo":{"title":"Informatique - FredT Notes","description":"Dingue, ce que l'IA est capable de faire! Mon chef a des notes manuscrites illisibles. Il aimerais consulter ChatGPT au sujet de sa r\u00e9union. Il est ind\u00e9cis sur"},"footnotes":""},"class_list":["post-622","page","type-page","status-publish","hentry"],"_links":{"self":[{"href":"https:\/\/fredt.eu\/notes\/wp-json\/wp\/v2\/pages\/622","targetHints":{"allow":["GET"]}}],"collection":[{"href":"https:\/\/fredt.eu\/notes\/wp-json\/wp\/v2\/pages"}],"about":[{"href":"https:\/\/fredt.eu\/notes\/wp-json\/wp\/v2\/types\/page"}],"author":[{"embeddable":true,"href":"https:\/\/fredt.eu\/notes\/wp-json\/wp\/v2\/users\/1"}],"replies":[{"embeddable":true,"href":"https:\/\/fredt.eu\/notes\/wp-json\/wp\/v2\/comments?post=622"}],"version-history":[{"count":11,"href":"https:\/\/fredt.eu\/notes\/wp-json\/wp\/v2\/pages\/622\/revisions"}],"predecessor-version":[{"id":1340,"href":"https:\/\/fredt.eu\/notes\/wp-json\/wp\/v2\/pages\/622\/revisions\/1340"}],"wp:attachment":[{"href":"https:\/\/fredt.eu\/notes\/wp-json\/wp\/v2\/media?parent=622"}],"curies":[{"name":"wp","href":"https:\/\/api.w.org\/{rel}","templated":true}]}}